{"id":5,"date":"2021-05-21T11:47:08","date_gmt":"2021-05-21T09:47:08","guid":{"rendered":"http:\/\/www.hoteltreassi.com\/?page_id=5"},"modified":"2026-04-16T09:53:57","modified_gmt":"2026-04-16T07:53:57","slug":"home","status":"publish","type":"page","link":"https:\/\/www.hoteltreassi.com\/de\/","title":{"rendered":"Startseite"},"content":{"rendered":"<section class=\"wao-blocks-container container-fluid mb-0\"\n\t\t>\n    \n<div class=\"wao-blocks-row row\" >\n    \n\n<div class=\"col-12 col-md-12 position-relative p-0\"\n     \n\t \n\t>\n        \n\n<section class=\"container-fluid js--lazy-load wao-blocks-gallery-slider-flickity gallery-flickity-2504\" >\n    <article class=\"row\">\n        <div class=\"col-sm-12 p-0 position-relative\">\n            <section class=\"container-fluid js--lazy-load\">\n                <article class=\"row\">\n                    <div class=\"col-sm-12 p-0 position-relative\">\n                        <div class=\"js--flickity l--vh-100-md\" data-cellAlign=\"left\" data-bgLazyLoad=\"1\" data-freeScroll=\"true\" data-wrapAround=\"true\" data-autoPlay=\"5000\" data-pauseAutoPlayOnHover =\"true\" data-prevNextButtons=\"false\" data-contain=\"true\" data-pageDots=\"false\" data-draggable=\"true\" data-groupCells=\"110%\" data-fade=\"true\">\n                                                            <div>\n                                    <div style=\"background: url('http:\/\/www.hoteltreassi.com\/wp-content\/uploads\/2026\/04\/top-home-1.jpg') center center \/ cover no-repeat rgb(250, 250, 250); display: block; width: 100vw;\" class=\"l--vh-100-md \"><\/div>\n                                <\/div>\n                                                            <div>\n                                    <div style=\"background: url('http:\/\/www.hoteltreassi.com\/wp-content\/uploads\/2026\/04\/famiglia.jpg') center center \/ cover no-repeat rgb(250, 250, 250); display: block; width: 100vw;\" class=\"l--vh-100-md \"><\/div>\n                                <\/div>\n                                                            <div>\n                                    <div style=\"background: url('http:\/\/www.hoteltreassi.com\/wp-content\/uploads\/2026\/04\/piedi-nella-sabbia.jpg') center center \/ cover no-repeat rgb(250, 250, 250); display: block; width: 100vw;\" class=\"l--vh-100-md \"><\/div>\n                                <\/div>\n                            \n                        <\/div>\n                        <div class=\"\">\n                            <div class=\"\" data-anim=\"zoomIn\" data-cof=\"true\" data-cof-rule=\"font-size, 2rem, 2.5rem, 2.5rem, 3rem, 3rem\">\n                                                            <\/div>\n                                                    <\/div>\n                    <\/div>\n                <\/article>\n            <\/section>\n        <\/div>\n    <\/article>\n<\/section>\n\n<div class=\"position-absolute l--top l--bottom mx-auto l--align-middle-vertical d-none d-md-block\">\n  <div class=\"text-white display-1 text-center animated fadeInUp\" style=\"line-height: 1.1;\">Il tuo hotel a Rimini<br>vicino alla spiaggia<\/div>\n<\/div>\n\n<div class=\"position-relative text-center\" style=\"z-index:100\">\n      <div class=\"position-absolute l--bottom mb-3 d-none d-md-block\">\n        <a class=\"text-white text-uppercase\" href=\"javascript:void(0)\" onclick=\"goToByScroll('#iniziopagina')\"  style=\"background: transparent; border: 0;\">Scorri gi\u00f9<span class=\"d-block\" style=\" font-size:2rem;\"><i class=\"fa fa-angle-down\" aria-hidden=\"true\"><\/i><\/span>\n        <\/a>\n      <\/div>\n<\/div>\n    <\/div>\n<\/div>\n<\/section>\n\n<section class=\"wao-blocks-container container-fluid mb-3 pt-4\"\n\t\t>\n    \n<div class=\"wao-blocks-row row\" >\n    \n\n<div class=\"col-12 col-md-7\"\n     \n\tid=\"iniziopagina\" \n\t>\n        \n<div class=\"px-3 px-md-5 mb-5\">\n\n\n<h1 class=\"wp-block-heading animated fadeInDown\">Benvenuti all'Hotel Tre Assi di Rimini<\/h1>\n\n\n\n<p>L\u2019Hotel a Miramare di Rimini vicino alla spiaggia, si trova in posizione centrale ma tranquilla,&nbsp;<strong>a soli 100 metri dal mare<\/strong>. L\u2019albergo \u00e8 una moderna costruzione con&nbsp;<strong>tutte le camere dotate di balcone con vista mare<\/strong>.<\/p>\n\n\n\n<p>L\u2019Hotel Tre Assi \u00e8&nbsp;<strong>gestito direttamente dai proprietari<\/strong>&nbsp;i quali vantano ormai un\u2019esperienza trentennale nel settore. La massima cortesia e il piacere nel servire gli ospiti da parte di tutto il personale ne fanno un&nbsp;<strong>ambiente accogliente<\/strong>, ideale per vacanze, viaggi d\u2019affari e ogni occasione di relax.<\/p>\n\n\n\n<p>Contattaci per richiedere maggiori informazioni e farci sapere le tue esigenze, sar\u00e0 un piacere inviarti un'<strong>offerta creata su misura<\/strong>&nbsp;per le tue necessit\u00e0, per una vacanza di completo relax e benessere.<\/p>\n\n\n\n<div class=\"wao-blocks-button\" >\n\t<a href=\"http:\/\/www.hoteltreassi.com\/contatti\/\" \n\t\tclass=\"btn btn-primary \"\n         \n\t\t\t\ttitle=\"CONTATTACI\" \n\t>\t\n\t\t\t\tCONTATTACI\t\t\t<\/a>\n<\/div>\n\n<\/div>\n    <\/div>\n\n\n<div class=\"col-12 col-md-5\"\n     \n\t \n\t>\n        \n<div class=\"m-2 p-3 g--bkg-light-04 mt_minus_4rem\">\n\n\n\t\n\n<\/div>\n    <\/div>\n<\/div>\n<\/section>\n\n<section class=\"wao-blocks-container container-fluid mb-0\"\n\t\t>\n    \n<div class=\"wao-blocks-row row  px-md-5 px-3 mb-md-5 mb-0 l--equal-h-2\" >\n    \n\n<div class=\"col-12 col-md-7 sf-home-1 height-400\"\n     \n\t \n\t>\n            <\/div>\n\n\n<div class=\"col-12 col-md-5 p-0\"\n     \n\t \n\t>\n        \n<div class=\"l--position-relative g--bkg-light-04 l--p-a-2 my-5 p-0 ml_minus_5rem\">\n        <div class=\"l--position-absolute l--right l--bottom js--hideme\"   data-anim=\"fadeInRight\" style=\"margin-right:-20px;margin-bottom:-20px; z-index:0;\">\n          <img decoding=\"async\" class=\"img-fluid hidden-sm-down animated fadeInRight d-none d-md-block\" data-anim=\"fadeInRight\" src=\"http:\/\/www.hoteltreassi.com\/wp-content\/uploads\/2026\/04\/euro.png\">\n        <\/div> \n        <div style=\"z-index:10;\" class=\"l--position-relative\">\n\n\n<h1 class=\"wp-block-heading\">Ottimo rapporto qualit\u00e0-prezzo<\/h1>\n\n\n\n<p>L'hotel Tre Assi grazie alla sua gestione famigliare, all'ottima posizione e ai&nbsp;<strong>prezzi davvero vantaggiosi<\/strong>&nbsp;risulta essere la scelta ideale per chi desidera una vacanza all'insegna della semplicit\u00e0 ma senza rinunciare al comfort e al benessere. Vi sentirete come a casa vostra, circondati da tanti servizi, mille attenzioni e sorrisi sinceri. Contattaci per ricevere un'offerta personalizzata per le tue vacanze, abbiamo&nbsp;<strong>una soluzione per tutte le esigenze<\/strong>, per far vivere a tutti i nostri ospiti momenti di spensieratezza e relax.<\/p>\n\n\n\n<div class=\"wao-blocks-button\" >\n\t<a href=\"http:\/\/www.hoteltreassi.com\/listino\/\" \n\t\tclass=\"btn btn-primary \"\n         \n\t\t\t\ttitle=\"SCOPRI\" \n\t>\t\n\t\t\t\tSCOPRI\t\t\t<\/a>\n<\/div>\n\n<\/div> <\/div>\n    <\/div>\n<\/div>\n\n<div class=\"wao-blocks-row row  px-md-5 px-3 mb-md-5 mb-0 l--equal-h-2\" >\n    \n\n<div class=\"col-12 col-md-5 order-md-1 order-2 p-0\"\n     \n\t \n\t>\n        \n<div class=\"l--position-relative g--bkg-light-04 l--p-a-2 my-5 p-0 mr_minus_5rem\" style=\"z-index:10\">\n        <div class=\"l--position-absolute l--right l--bottom js--hideme\"   data-anim=\"fadeInLeft\" style=\"margin-right:-20px;margin-bottom:-20px; z-index:0;\">\n          <img decoding=\"async\" class=\"img-fluid d-none d-md-block\" src=\"http:\/\/www.hoteltreassi.com\/wp-content\/uploads\/2026\/04\/stellina.png\">\n        <\/div> \n        <div class=\"l--position-relative\">\n\n\n<h1 class=\"wp-block-heading\">Vicino alla spiaggia<\/h1>\n\n\n\n<p>Vacanze comode, a pochi passi dalla spiaggia, per la gioia di tutti: per i bambini che non vedono l'ora di giocare sulla sabbia e che con&nbsp;<strong>pochi minuti a piedi<\/strong>&nbsp;potranno iniziare i loro giochi sotto all'ombrellone e per i genitori, che una volta sistemati i bambini potranno finalmente godersi un po'di meritato relax sotto al sole in tutta tranquillit\u00e0. La&nbsp;<strong>spiaggia convenzionata<\/strong>&nbsp;con l'hotel \u00e8 dotata di tanti comfort e servizi per il benessere di adulti e bambini.<\/p>\n\n\n\n<div class=\"wao-blocks-button\" >\n\t<a href=\"http:\/\/www.hoteltreassi.com\/spiaggia\/\" \n\t\tclass=\"btn btn-primary \"\n         \n\t\t\t\ttitle=\"SCOPRI\" \n\t>\t\n\t\t\t\tSCOPRI\t\t\t<\/a>\n<\/div>\n\n    <\/div>\n      <\/div>\n    <\/div>\n\n\n<div class=\"col-12 col-md-7 sf-home-2 height-400 order-md-2 order-1\"\n     \n\t \n\t>\n            <\/div>\n<\/div>\n\n<div class=\"wao-blocks-row row  px-md-5 px-3 mb-md-5 mb-0 l--equal-h-2\" >\n    \n\n<div class=\"col-12 col-md-7 sf-home-3 height-400\"\n     \n\t \n\t>\n            <\/div>\n\n\n<div class=\"col-12 col-md-5 p-0\"\n     \n\t \n\t>\n        \n<div class=\"l--position-relative g--bkg-light-04 l--p-a-2 my-5 p-0 ml_minus_5rem\">\n        <div class=\"l--position-absolute l--right l--bottom js--hideme\"   data-anim=\"fadeInRight\" style=\"margin-right:-20px;margin-bottom:-20px; z-index:0;\">\n          <img decoding=\"async\" class=\"img-fluid hidden-sm-down animated fadeInRight d-none d-md-block\" data-anim=\"fadeInRight\" src=\"http:\/\/www.hoteltreassi.com\/wp-content\/uploads\/2026\/04\/posate.png\">\n        <\/div> \n        <div style=\"z-index:10;\" class=\"l--position-relative\">\n\n\n<h1 class=\"wp-block-heading\">Cucina curata<\/h1>\n\n\n\n<p>La buona ruscita di una vacanza passa anche dalla tavola, e noi dell'hotel Tre Assi di Rimini lo sappiamo bene e ci dedichiamo ogni giorno con cura e attenzione a preparare gustosi piatti della&nbsp;<strong>tradizione romagnola e non solo<\/strong>: ogni giorno una ricca scelta di proposte di carne e pesce per soddisfare tutti i gusti e le esigenze. Per i bambini come sempre un'attenzione in pi\u00f9, con pappe e pasti preparati secondo le indicazioni dei genitori, adatte alle delicate e&nbsp;<strong>particolari esigenze dei pi\u00f9 piccoli<\/strong>.<\/p>\n\n\n\n<div class=\"wao-blocks-button\" >\n\t<a href=\"http:\/\/www.hoteltreassi.com\/cucina\/\" \n\t\tclass=\"btn btn-primary \"\n         \n\t\t\t\ttitle=\"SCOPRI\" \n\t>\t\n\t\t\t\tSCOPRI\t\t\t<\/a>\n<\/div>\n\n<\/div><\/div>\n    <\/div>\n<\/div>\n\n<div class=\"wao-blocks-row row  px-md-5 px-3 mb-md-5 mb-0 l--equal-h-2\" >\n    \n\n<div class=\"col-12 col-md-5 order-md-1 order-2 p-0\"\n     \n\t \n\t>\n        \n<div class=\"l--position-relative g--bkg-light-04 l--p-a-2 my-5 p-0 mr_minus_5rem\" style=\"z-index:10\">\n        <div class=\"l--position-absolute l--right l--bottom js--hideme\"   data-anim=\"fadeInLeft\" style=\"margin-right:-20px;margin-bottom:-20px; z-index:0;\">\n          <img decoding=\"async\" class=\"img-fluid hidden-sm-down animated fadeInLeft d-none d-md-block\" data-anim=\"fadeInLeft\" src=\"http:\/\/www.hoteltreassi.com\/wp-content\/uploads\/2026\/04\/letto.png\">\n        <\/div> \n        <div class=\"l--position-relative\">\n    \n\n\n<h1 class=\"wp-block-heading\">Camere per famiglie<\/h1>\n\n\n\n<p>L\u2019Hotel Tre Assi di Miramare di Rimini \u00e8 un Hotel a misura di famiglia. Nelle camere, su richiesta, per neonati e bambini,&nbsp;<strong>culle e lettini con sponde<\/strong>&nbsp;per la sicurezza e la serenit\u00e0 di tutta la famiglia. Nella sala ristorante sedie per i pi\u00f9 piccoli e&nbsp;<strong>men\u00f9 adatti anche ai bambini pi\u00f9 piccoli<\/strong>, ricchi di verdure e preparati con prodotti selezionati.<\/p>\n\n\n\n<div class=\"wao-blocks-button\" >\n\t<a href=\"http:\/\/www.hoteltreassi.com\/camere\/\" \n\t\tclass=\"btn btn-primary \"\n         \n\t\t\t\ttitle=\"SCOPRI\" \n\t>\t\n\t\t\t\tSCOPRI\t\t\t<\/a>\n<\/div>\n\n<\/div><\/div>\n    <\/div>\n\n\n<div class=\"col-12 col-md-7 sf-home-4 height-400 order-md-2 order-1\"\n     \n\t \n\t>\n            <\/div>\n<\/div>\n<\/section>\n\n<section class=\"wao-blocks-container container-fluid mb-0 m-0 p-0\"\n\t\t>\n    \n<div class=\"wao-blocks-row row g--bkg-light-04\" >\n    \n\n<div class=\"col-12 col-md-12\"\n     \n\t \n\t>\n        \n<div class=\"h1 g--bkg-dark-01 l--p-y-1 text-quaternary\">\n\n\n<p class=\"has-text-align-center p-3\">Richiedi un preventivo<\/p>\n\n\n<\/div>\n    <\/div>\n\n\n<div class=\"col-12\"\n     \n\t \n\t>\n        \n<section class=\"wao-blocks-container container mb-5 pt-3 \"\n\t\t>\n    \n<div class=\"wao-blocks-row row\" >\n    \n\n<div class=\"col-12 col-md-12\"\n     \n\t \n\t>\n        \n<div class=\"g--bkg-light-02\">\n\n\n<div class=\"merida_root\" id=\"merida_block\"><\/div>\n\n<script>\nvar merida_config_merida_block = {\n    customerId: 1818 ,\n    showSuccessModal : true,\n    rootEl: \"merida_block\",\n    childrenAgeMax: 16,\n    childrenAgeMin: 0,\n    layout: \"default\",\n    language: \"de\",\n                theme : {\n        colors: {\n            primary: '#c6b891',\n            primaryTextAlt: '#ffffff',\n            secondary: '#4891dc',\n            secondaryTextAlt: '#ffffff',\n            text: '#3e464c',\n            error: '#cc0033',\n            formBackground: '#ffffff',\n            label: '#4d4d4d',\n            labelInput: '#094145',\n            labelInputActive: '#7ebd6d',\n            inputBackground: '#eeeeee',\n            inputBorder: '#eeeeee',\n            checkboxBorder: '#eeeeee',\n        }\n    },\n    onSuccess : function(res) {\n        \n                        if (typeof(ga) !== 'undefined') {\n                   ga('send', 'event', 'Email', 'Invio', 'Form');\n                }\n                    }\n};\n\n(function(url, cb) {\n    var s = document.createElement(\"script\");\n    s.type = \"text\/javascript\";\n\n    if (s.readyState) { \/\/IE\n        s.onreadystatechange = function() {\n            if (s.readyState == \"loaded\" || s.readyState == \"complete\") {\n                s.onreadystatechange = null;\n                cb();\n            }\n        };\n    } else { \/\/Others\n        s.onload = function() {\n            cb();\n        };\n    }\n\n    s.src = url;\n    document.getElementsByTagName(\"head\")[0].appendChild(s);\n})(\"https:\/\/static.adriasonline.it\/merida\/latest\/merida.js\", function() {\n    window.aoForm = merida(merida_config_merida_block);\n});\n<\/script>\n\n<\/div>\n    <\/div>\n<\/div>\n<\/section>\n    <\/div>\n<\/div>\n<\/section>","protected":false},"excerpt":{"rendered":"","protected":false},"author":1,"featured_media":0,"parent":0,"menu_order":0,"comment_status":"closed","ping_status":"closed","template":"","meta":{"footnotes":""},"class_list":["post-5","page","type-page","status-publish","hentry"],"_links":{"self":[{"href":"https:\/\/www.hoteltreassi.com\/de\/wp-json\/wp\/v2\/pages\/5","targetHints":{"allow":["GET"]}}],"collection":[{"href":"https:\/\/www.hoteltreassi.com\/de\/wp-json\/wp\/v2\/pages"}],"about":[{"href":"https:\/\/www.hoteltreassi.com\/de\/wp-json\/wp\/v2\/types\/page"}],"author":[{"embeddable":true,"href":"https:\/\/www.hoteltreassi.com\/de\/wp-json\/wp\/v2\/users\/1"}],"replies":[{"embeddable":true,"href":"https:\/\/www.hoteltreassi.com\/de\/wp-json\/wp\/v2\/comments?post=5"}],"version-history":[{"count":251,"href":"https:\/\/www.hoteltreassi.com\/de\/wp-json\/wp\/v2\/pages\/5\/revisions"}],"predecessor-version":[{"id":1074,"href":"https:\/\/www.hoteltreassi.com\/de\/wp-json\/wp\/v2\/pages\/5\/revisions\/1074"}],"wp:attachment":[{"href":"https:\/\/www.hoteltreassi.com\/de\/wp-json\/wp\/v2\/media?parent=5"}],"curies":[{"name":"wp","href":"https:\/\/api.w.org\/{rel}","templated":true}]}}